{"id":335622,"date":"2024-06-13T19:40:23","date_gmt":"2024-06-13T19:40:23","guid":{"rendered":"https:\/\/hm.ez123.eu\/robbie\/?page_id=335622"},"modified":"2025-03-22T08:46:25","modified_gmt":"2025-03-22T08:46:25","slug":"home-de","status":"publish","type":"page","link":"https:\/\/hm.ez123.eu\/robbie\/home-de\/","title":{"rendered":"Home DE"},"content":{"rendered":"<p>[et_pb_section fb_built=&#8221;1&#8243; admin_label=&#8221;section&#8221; _builder_version=&#8221;4.25.2&#8243; background_color=&#8221;#3551bf&#8221; background_image=&#8221;https:\/\/hm.ez123.eu\/robbie\/wp-content\/uploads\/2024\/06\/Sky-scaled.webp&#8221; background_position=&#8221;top_center&#8221; global_colors_info=&#8221;{}&#8221;][et_pb_row admin_label=&#8221;row&#8221; module_id=&#8221;mozg\u00f3-bg1&#8243; _builder_version=&#8221;4.25.2&#8243; background_size=&#8221;initial&#8221; background_position=&#8221;top_left&#8221; background_repeat=&#8221;repeat&#8221; width=&#8221;100%&#8221; module_alignment=&#8221;center&#8221; custom_margin=&#8221;-46px|auto||auto||&#8221; global_colors_info=&#8221;{}&#8221;][et_pb_column type=&#8221;4_4&#8243; _builder_version=&#8221;4.25.1&#8243; custom_padding=&#8221;|||&#8221; global_colors_info=&#8221;{}&#8221; custom_padding__hover=&#8221;|||&#8221;][et_pb_text _builder_version=&#8221;4.25.2&#8243; _module_preset=&#8221;default&#8221; text_font=&#8221;|700|||||||&#8221; text_font_size=&#8221;40px&#8221; header_font=&#8221;Exo 2|700|||||||&#8221; header_text_align=&#8221;center&#8221; header_text_color=&#8221;#FFFFFF&#8221; header_font_size=&#8221;36px&#8221; width=&#8221;100%&#8221; max_width=&#8221;1920px&#8221; module_alignment=&#8221;center&#8221; custom_margin=&#8221;|10%||10%|false|true&#8221; header_font_size_tablet=&#8221;30px&#8221; header_font_size_phone=&#8221;20px&#8221; header_font_size_last_edited=&#8221;on|desktop&#8221; header_text_shadow_style=&#8221;preset5&#8243; global_colors_info=&#8221;{}&#8221;]<\/p>\n<h1>Ich bin der lebende Beweis: Wenn Sie organisiert sind und Sie mein System haben, k\u00f6nnen Sie fast alles erreichen!<br \/>Klicken Sie auf mich, um den Beweis zu sehen!<\/h1>\n<p>[\/et_pb_text][et_pb_code _builder_version=&#8221;4.27.4&#8243; _module_preset=&#8221;default&#8221; z_index=&#8221;-205&#8243; custom_margin=&#8221;-270px||||false|false&#8221; custom_padding=&#8221;||||false|false&#8221; global_colors_info=&#8221;{}&#8221;]<!-- vision begin -->\n<div class=\"vision-map vision-map-8\"data-json-src=\"https:\/\/hm.ez123.eu\/robbie\/wp-content\/uploads\/vision\/8\/config.json?ver=\" data-item-id=\"8\" tabindex=\"1\" style=\"display:none;\" >\n<div class=\"vision-store\">\n<div class=\"vision-layers-data\">\n<div class=\"vision-layer\" data-layer-id=\"37d62047\"><\/div>\n<div class=\"vision-layer\" data-layer-id=\"be11dcff\"><\/div>\n<div class=\"vision-layer\" data-layer-id=\"af725129\"><\/div>\n<div class=\"vision-layer\" data-layer-id=\"ab7f862a\"><\/div>\n<div class=\"vision-layer\" data-layer-id=\"766e4937\"><\/div>\n<\/div>\n<div class=\"vision-tooltips-data\">\n<div class=\"vision-data\" data-layer-id=\"37d62047\"><p style=\"text-align: center; font-size: 2rem;\"><strong>>Kostenlose Gewerbeanmeldung<\/strong><\/p><\/div>\n<div class=\"vision-data\" data-layer-id=\"be11dcff\"><p style=\"text-align: center; font-size: 2rem;\"><strong>Schauen Sie sich einfach um<\/strong><\/p><\/div>\n<div class=\"vision-data\" data-layer-id=\"af725129\"><p style=\"text-align: center; font-size: 2rem;\"><strong>Les the Handyman<\/strong><\/p><\/div>\n<div class=\"vision-data\" data-layer-id=\"ab7f862a\"><p>Welcome<\/p><\/div>\n<div class=\"vision-data\" data-layer-id=\"766e4937\"><p style=\"text-align: center; font-size: 2rem;\"><strong>W\u00e4hlen Sie Ihre Sprache<\/strong><\/p><\/div>\n<\/div>\n<div class=\"vision-popovers-data\">\n<div class=\"vision-data\" data-layer-id=\"37d62047\"><\/div>\n<div class=\"vision-data\" data-layer-id=\"be11dcff\"><p><strong>Look Around<\/strong><\/p><\/div>\n<div class=\"vision-data\" data-layer-id=\"af725129\"><\/div>\n<div class=\"vision-data\" data-layer-id=\"ab7f862a\"><\/div>\n<div class=\"vision-data\" data-layer-id=\"766e4937\"><\/div>\n<\/div>\n<\/div>\n<\/div>\n<!-- vision end -->\n[\/et_pb_code][et_pb_text _builder_version=&#8221;4.25.2&#8243; _module_preset=&#8221;default&#8221; text_font=&#8221;|700|||||||&#8221; text_font_size=&#8221;40px&#8221; header_font=&#8221;Exo 2|700|||||||&#8221; header_text_align=&#8221;center&#8221; header_text_color=&#8221;#FFFFFF&#8221; header_font_size=&#8221;36px&#8221; width=&#8221;100%&#8221; max_width=&#8221;1920px&#8221; module_alignment=&#8221;center&#8221; custom_margin=&#8221;|10%||10%|false|true&#8221; header_font_size_tablet=&#8221;30px&#8221; header_font_size_phone=&#8221;20px&#8221; header_font_size_last_edited=&#8221;on|desktop&#8221; header_text_shadow_style=&#8221;preset5&#8243; global_colors_info=&#8221;{}&#8221;]<\/p>\n<h1>Wir sind eine Social Media\/Business<br \/>Plattform, auf der Sie mit dem 3-stufigen Verifizierungsprozess und dem eingebauten L\u00fcgendetektor vor der Welt des Betrugs sicher sein k\u00f6nnen.<\/h1>\n<p>[\/et_pb_text][\/et_pb_column][\/et_pb_row][et_pb_row column_structure=&#8221;1_4,1_4,1_4,1_4&#8243; make_equal=&#8221;on&#8221; _builder_version=&#8221;4.27.4&#8243; _module_preset=&#8221;default&#8221; background_color=&#8221;#FFFFFF&#8221; width=&#8221;100%&#8221; max_width=&#8221;1920px&#8221; module_alignment=&#8221;center&#8221; custom_padding=&#8221;4px|||||&#8221; global_colors_info=&#8221;{}&#8221;][et_pb_column type=&#8221;1_4&#8243; _builder_version=&#8221;4.25.2&#8243; _module_preset=&#8221;default&#8221; global_colors_info=&#8221;{}&#8221;][dnxte_mega_image_effect dnxtiep_image=&#8221;https:\/\/hm.ez123.eu\/robbie\/wp-content\/uploads\/2025\/03\/racs.webp&#8221; dnxtiep_heading_tag=&#8221;h3&#8243; dnxtiep_description=&#8221;<\/p>\n<p style=%22text-align: center;%22><span>Wir arbeiten derzeit mit einigen Agenturen zusammen, um es ihnen zu erleichtern, diejenigen zu finden, die uns betr\u00fcgen wollen.<\/span><\/p>\n<p>&#8221; dnxtiep_image_hover_effect=&#8221;hinge-right&#8221; dnxtiep_hover_bg_show_hide=&#8221;on&#8221; dnxtiep_hover_bg=&#8221;#FFFFFF&#8221; _builder_version=&#8221;4.27.4&#8243; _module_preset=&#8221;default&#8221; hover_text_fonts_font_size=&#8221;14px&#8221; dnxtiep_body_font=&#8221;Exo 2|700|||||||&#8221; dnxtiep_body_text_align=&#8221;center&#8221; dnxtiep_body_text_color=&#8221;#000000&#8243; dnxtiep_body_font_size=&#8221;30px&#8221; dnxtiep_body_line_height=&#8221;1.2em&#8221; width=&#8221;100%&#8221; module_alignment=&#8221;center&#8221; dnxtiep_body_font_size_tablet=&#8221;30px&#8221; dnxtiep_body_font_size_phone=&#8221;20px&#8221; dnxtiep_body_font_size_last_edited=&#8221;on|tablet&#8221; global_colors_info=&#8221;{}&#8221;][\/dnxte_mega_image_effect][\/et_pb_column][et_pb_column type=&#8221;1_4&#8243; _builder_version=&#8221;4.25.2&#8243; _module_preset=&#8221;default&#8221; global_colors_info=&#8221;{}&#8221;][dnxte_mega_image_effect dnxtiep_image=&#8221;https:\/\/hm.ez123.eu\/robbie\/wp-content\/uploads\/2025\/03\/zero-tolerance.webp&#8221; dnxtiep_heading_tag=&#8221;h4&#8243; dnxtiep_description=&#8221;<\/p>\n<p style=%22text-align: center;%22>Wir m\u00f6chten Sie warnen, dass es in dieser Gemeinschaft keine Toleranz f\u00fcr unh\u00f6fliches, respektloses, offensives oder beleidigendes Verhalten gibt, EINSCHLIESSLICH NACKTHEIT. DAS NICHTBEFOLGEN DIESER REGELN WIRD ZUR K\u00dcNDIGUNG IHRES KONTOs UND GESCH\u00c4FTSSYSTEMS F\u00dcHREN UND KEINE R\u00dcCKERSTATTUNGEN WERDEN M\u00d6GLICH SEIN. WENN SIE WIRKLICH WIRKLICH ZUR\u00dcCKKOMMEN M\u00d6CHTEN, KOSTET ES SIE 1 MILLION US.<\/p>\n<p>&#8221; dnxtiep_image_hover_effect=&#8221;hinge-left&#8221; dnxtiep_hover_bg_show_hide=&#8221;on&#8221; dnxtiep_hover_bg=&#8221;#FFFFFF&#8221; _builder_version=&#8221;4.27.4&#8243; _module_preset=&#8221;default&#8221; hover_text_fonts_text_align=&#8221;center&#8221; hover_text_fonts_text_color=&#8221;#E02B20&#8243; dnxtiep_body_font=&#8221;Exo 2|700|||||||&#8221; dnxtiep_body_text_align=&#8221;center&#8221; dnxtiep_body_text_color=&#8221;#E02B20&#8243; dnxtiep_body_font_size=&#8221;20px&#8221; dnxtiep_body_line_height=&#8221;1em&#8221; width=&#8221;100%&#8221; module_alignment=&#8221;center&#8221; dnxtiep_body_font_size_tablet=&#8221;24px&#8221; dnxtiep_body_font_size_phone=&#8221;16px&#8221; dnxtiep_body_font_size_last_edited=&#8221;on|phone&#8221; global_colors_info=&#8221;{}&#8221;][\/dnxte_mega_image_effect][\/et_pb_column][et_pb_column type=&#8221;1_4&#8243; _builder_version=&#8221;4.25.2&#8243; _module_preset=&#8221;default&#8221; global_colors_info=&#8221;{}&#8221;][dnxte_mega_image_effect dnxtiep_image=&#8221;https:\/\/hm.ez123.eu\/robbie\/wp-content\/uploads\/2025\/03\/zero-fraud.webp&#8221; dnxtiep_description=&#8221;<\/p>\n<p style=%22text-align: center;%22>HANDELSLEUTE ZAHLEN EINE NIEDRIGE J\u00c4HRLICHE GEB\u00dcHR UND DIE ERSTEN 3 MONATE SIND VOLLST\u00c4NDIG KOSTENLOS. Keine Tricks. Wir fragen nicht nach Kreditkarteninformationen, weil wir unsere Kunden nicht in den Kauf zwingen m\u00fcssen und niemand wird Sie anrufen.<\/p>\n<p>&#8221; dnxtiep_image_hover_effect=&#8221;hinge-left&#8221; dnxtiep_hover_bg_show_hide=&#8221;on&#8221; dnxtiep_hover_bg=&#8221;#FFFFFF&#8221; _builder_version=&#8221;4.27.4&#8243; _module_preset=&#8221;default&#8221; dnxtiep_body_font=&#8221;Exo 2|700|||||||&#8221; dnxtiep_body_text_align=&#8221;center&#8221; dnxtiep_body_text_color=&#8221;#E02B20&#8243; dnxtiep_body_font_size=&#8221;20px&#8221; dnxtiep_body_line_height=&#8221;1em&#8221; width=&#8221;100%&#8221; module_alignment=&#8221;center&#8221; dnxtiep_body_font_size_tablet=&#8221;24px&#8221; dnxtiep_body_font_size_phone=&#8221;16px&#8221; dnxtiep_body_font_size_last_edited=&#8221;on|phone&#8221; global_colors_info=&#8221;{}&#8221;][\/dnxte_mega_image_effect][\/et_pb_column][et_pb_column type=&#8221;1_4&#8243; _builder_version=&#8221;4.25.2&#8243; _module_preset=&#8221;default&#8221; global_colors_info=&#8221;{}&#8221;][dnxte_mega_image_effect dnxtiep_image=&#8221;https:\/\/hm.ez123.eu\/robbie\/wp-content\/uploads\/2025\/03\/phone.webp&#8221; dnxtiep_description=&#8221;<\/p>\n<p style=%22text-align: center;%22><strong><a href=%22tel:+1234567890%22 class=%22flex flex-col justify-center items-center%22 title=%22WIR VERSTECKEN UNS AUCH NICHT VOR UNSEREN KUNDEN, INDEM WIR ES SCHWIERIG ODER UNM\u00d6GLICH MACHEN, UNS ZU ERREICHEN. KLICKEN SIE AUF DEN GR\u00dcNEN BUTTON, UM UNS JEDERZEIT ANZURUFEN%22>WIR VERSTECKEN UNS AUCH NICHT VOR UNSEREN KUNDEN, INDEM WIR ES SCHWIERIG ODER UNM\u00d6GLICH MACHEN, UNS ZU ERREICHEN. KLICKEN SIE AUF DEN GR\u00dcNEN BUTTON, UM UNS JEDERZEIT ANZURUFEN<\/a><\/strong><\/p>\n<p>&#8221; dnxtiep_image_hover_effect=&#8221;hinge-left&#8221; dnxtiep_hover_bg_show_hide=&#8221;on&#8221; dnxtiep_hover_bg=&#8221;#FFFFFF&#8221; _builder_version=&#8221;4.27.4&#8243; _module_preset=&#8221;default&#8221; hover_text_fonts_text_align=&#8221;center&#8221; hover_text_fonts_font_size=&#8221;36px&#8221; hover_text_fonts_line_height=&#8221;1.4em&#8221; dnxtiep_body_font=&#8221;Exo 2|700|||||||&#8221; dnxtiep_body_text_align=&#8221;center&#8221; dnxtiep_body_text_color=&#8221;#E02B20&#8243; dnxtiep_body_font_size=&#8221;20px&#8221; dnxtiep_body_line_height=&#8221;1em&#8221; width=&#8221;100%&#8221; module_alignment=&#8221;center&#8221; dnxtiep_body_font_size_tablet=&#8221;24px&#8221; dnxtiep_body_font_size_phone=&#8221;16px&#8221; dnxtiep_body_font_size_last_edited=&#8221;on|phone&#8221; global_colors_info=&#8221;{}&#8221;][\/dnxte_mega_image_effect][\/et_pb_column][\/et_pb_row][\/et_pb_section]<\/p>\n","protected":false},"excerpt":{"rendered":"<p>Ich bin der lebende Beweis: Wenn Sie organisiert sind und Sie mein System haben, k\u00f6nnen Sie fast alles erreichen!Klicken Sie auf mich, um den Beweis zu sehen!<!-- vision begin -->\n<div class=\"vision-map vision-map-8\"data-json-src=\"https:\/\/hm.ez123.eu\/robbie\/wp-content\/uploads\/vision\/8\/config.json?ver=\" data-item-id=\"8\" tabindex=\"1\" style=\"display:none;\" >\n<div class=\"vision-store\">\n<div class=\"vision-layers-data\">\n<div class=\"vision-layer\" data-layer-id=\"37d62047\"><\/div>\n<div class=\"vision-layer\" data-layer-id=\"be11dcff\"><\/div>\n<div class=\"vision-layer\" data-layer-id=\"af725129\"><\/div>\n<div class=\"vision-layer\" data-layer-id=\"ab7f862a\"><\/div>\n<div class=\"vision-layer\" data-layer-id=\"766e4937\"><\/div>\n<\/div>\n<div class=\"vision-tooltips-data\">\n<div class=\"vision-data\" data-layer-id=\"37d62047\"><p style=\"text-align: center; font-size: 2rem;\"><strong>>Kostenlose Gewerbeanmeldung<\/strong><\/p><\/div>\n<div class=\"vision-data\" data-layer-id=\"be11dcff\"><p style=\"text-align: center; font-size: 2rem;\"><strong>Schauen Sie sich einfach um<\/strong><\/p><\/div>\n<div class=\"vision-data\" data-layer-id=\"af725129\"><p style=\"text-align: center; font-size: 2rem;\"><strong>Les the Handyman<\/strong><\/p><\/div>\n<div class=\"vision-data\" data-layer-id=\"ab7f862a\"><p>Welcome<\/p><\/div>\n<div class=\"vision-data\" data-layer-id=\"766e4937\"><p style=\"text-align: center; font-size: 2rem;\"><strong>W\u00e4hlen Sie Ihre Sprache<\/strong><\/p><\/div>\n<\/div>\n<div class=\"vision-popovers-data\">\n<div class=\"vision-data\" data-layer-id=\"37d62047\"><\/div>\n<div class=\"vision-data\" data-layer-id=\"be11dcff\"><p><strong>Look Around<\/strong><\/p><\/div>\n<div class=\"vision-data\" data-layer-id=\"af725129\"><\/div>\n<div class=\"vision-data\" data-layer-id=\"ab7f862a\"><\/div>\n<div class=\"vision-data\" data-layer-id=\"766e4937\"><\/div>\n<\/div>\n<\/div>\n<\/div>\n<!-- vision end -->\nWir sind eine Social Media\/BusinessPlattform, auf der Sie mit dem 3-stufigen Verifizierungsprozess und dem eingebauten L\u00fcgendetektor vor der Welt des Betrugs sicher sein k\u00f6nnen.<div class=\"et_pb_module dnxte_mega_image_effect dnxte_mega_image_effect_0\">\n\t\t\t\t\n\t\t\t\t\n\t\t\t\t\n\t\t\t\t\n\t\t\t\t\n\t\t\t\t\n\t\t\t\t<div class=\"et_pb_module_inner\">\n\t\t\t\t\t<figure class=\"imghvr-push-up dnxtiep-imghvr-wrapper\">\r\n\t\t\t\t<img decoding=\"async\" src=\"\" alt=\"\" title=\"\" class=\"et_multi_view_hidden_image  img-fluid\" \/>\r\n\t\t\t\t<figcaption class=\"  dnxtiep-imghvr-content\">\r\n\t\t\t\t\t\r\n\t\t\t\t\t<div class=\"dnxtiep-description\">&#8221;Wir<\/div>\r\n\t\t\t\t\t\r\n\t\t\t\t<\/figcaption>\r\n\t\t\t<\/figure>\n\t\t\t\t<\/div>\n\t\t\t<\/div><\/p>\n","protected":false},"author":3,"featured_media":0,"parent":0,"menu_order":0,"comment_status":"closed","ping_status":"closed","template":"page-template-blank.php","meta":{"_et_pb_use_builder":"on","_et_pb_old_content":"","_et_gb_content_width":"","footnotes":""},"class_list":["post-335622","page","type-page","status-publish","hentry"],"_links":{"self":[{"href":"https:\/\/hm.ez123.eu\/robbie\/wp-json\/wp\/v2\/pages\/335622","targetHints":{"allow":["GET"]}}],"collection":[{"href":"https:\/\/hm.ez123.eu\/robbie\/wp-json\/wp\/v2\/pages"}],"about":[{"href":"https:\/\/hm.ez123.eu\/robbie\/wp-json\/wp\/v2\/types\/page"}],"author":[{"embeddable":true,"href":"https:\/\/hm.ez123.eu\/robbie\/wp-json\/wp\/v2\/users\/3"}],"replies":[{"embeddable":true,"href":"https:\/\/hm.ez123.eu\/robbie\/wp-json\/wp\/v2\/comments?post=335622"}],"version-history":[{"count":17,"href":"https:\/\/hm.ez123.eu\/robbie\/wp-json\/wp\/v2\/pages\/335622\/revisions"}],"predecessor-version":[{"id":336616,"href":"https:\/\/hm.ez123.eu\/robbie\/wp-json\/wp\/v2\/pages\/335622\/revisions\/336616"}],"wp:attachment":[{"href":"https:\/\/hm.ez123.eu\/robbie\/wp-json\/wp\/v2\/media?parent=335622"}],"curies":[{"name":"wp","href":"https:\/\/api.w.org\/{rel}","templated":true}]}}