{"id":335646,"date":"2024-06-16T14:09:38","date_gmt":"2024-06-16T14:09:38","guid":{"rendered":"https:\/\/hm.ez123.eu\/robbie\/?page_id=335646"},"modified":"2025-04-02T12:13:44","modified_gmt":"2025-04-02T12:13:44","slug":"home-hu","status":"publish","type":"page","link":"https:\/\/hm.ez123.eu\/robbie\/home-hu\/","title":{"rendered":"Home HU"},"content":{"rendered":"<p>[et_pb_section fb_built=&#8221;1&#8243; admin_label=&#8221;section&#8221; _builder_version=&#8221;4.25.2&#8243; background_color=&#8221;#3551bf&#8221; background_image=&#8221;https:\/\/hm.ez123.eu\/robbie\/wp-content\/uploads\/2024\/06\/Sky-scaled.webp&#8221; background_position=&#8221;top_center&#8221; global_colors_info=&#8221;{}&#8221;][et_pb_row admin_label=&#8221;row&#8221; module_id=&#8221;mozg\u00f3-bg1&#8243; _builder_version=&#8221;4.25.2&#8243; background_size=&#8221;initial&#8221; background_position=&#8221;top_left&#8221; background_repeat=&#8221;repeat&#8221; width=&#8221;100%&#8221; module_alignment=&#8221;center&#8221; custom_margin=&#8221;-46px|auto||auto||&#8221; global_colors_info=&#8221;{}&#8221;][et_pb_column type=&#8221;4_4&#8243; _builder_version=&#8221;4.25.1&#8243; custom_padding=&#8221;|||&#8221; global_colors_info=&#8221;{}&#8221; custom_padding__hover=&#8221;|||&#8221;][et_pb_text _builder_version=&#8221;4.25.2&#8243; _module_preset=&#8221;default&#8221; text_font=&#8221;|700|||||||&#8221; text_text_color=&#8221;#FFFFFF&#8221; text_font_size=&#8221;30px&#8221; text_line_height=&#8221;1.8em&#8221; header_font=&#8221;Exo 2|800|||||||&#8221; header_text_align=&#8221;center&#8221; header_text_color=&#8221;#FFFFFF&#8221; header_font_size=&#8221;36px&#8221; text_orientation=&#8221;center&#8221; background_layout=&#8221;dark&#8221; width=&#8221;100%&#8221; max_width=&#8221;1920px&#8221; module_alignment=&#8221;center&#8221; custom_margin=&#8221;|10%||10%|false|true&#8221; header_font_size_tablet=&#8221;30px&#8221; header_font_size_phone=&#8221;20px&#8221; header_font_size_last_edited=&#8221;on|desktop&#8221; header_text_shadow_style=&#8221;preset2&#8243; header_text_shadow_color=&#8221;rgba(0,0,0,0.5)&#8221; global_colors_info=&#8221;{}&#8221;]<\/p>\n<h1 style=\"text-align: center;\"><span style=\"color: #ffffff;\">\u00c9n vagyok az \u00e9l\u0151 bizony\u00edt\u00e9k: ha szervezett vagy \u00e9s<\/span><br \/><span style=\"color: #ffffff;\">az \u00e9n rendszeremet haszn\u00e1lod, szinte b\u00e1rmit el\u00e9rhetsz!<\/span><br \/><span style=\"color: #ffffff;\">Kattints r\u00e1m, hogy l\u00e1sd a bizony\u00edt\u00e9kot!<\/span><\/h1>\n<p>[\/et_pb_text][et_pb_code _builder_version=&#8221;4.27.4&#8243; _module_preset=&#8221;default&#8221; z_index=&#8221;-129&#8243; custom_margin=&#8221;-270px||||false|false&#8221; hover_enabled=&#8221;0&#8243; global_colors_info=&#8221;{}&#8221; sticky_enabled=&#8221;0&#8243;]<!-- vision begin -->\n<div class=\"vision-map vision-map-7\"data-json-src=\"https:\/\/hm.ez123.eu\/robbie\/wp-content\/uploads\/vision\/7\/config.json?ver=\" data-item-id=\"7\" tabindex=\"1\" style=\"display:none;\" >\n<div class=\"vision-store\">\n<div class=\"vision-layers-data\">\n<div class=\"vision-layer\" data-layer-id=\"37d62047\"><\/div>\n<div class=\"vision-layer\" data-layer-id=\"be11dcff\"><\/div>\n<div class=\"vision-layer\" data-layer-id=\"af725129\"><\/div>\n<div class=\"vision-layer\" data-layer-id=\"ab7f862a\"><\/div>\n<div class=\"vision-layer\" data-layer-id=\"766e4937\"><\/div>\n<\/div>\n<div class=\"vision-tooltips-data\">\n<div class=\"vision-data\" data-layer-id=\"37d62047\"><p style=\"text-align: center; font-size: 2rem;\"><strong>Ingyenes \u00fczleti regisztr\u00e1ci\u00f3<\/strong><\/p><\/div>\n<div class=\"vision-data\" data-layer-id=\"be11dcff\"><p style=\"text-align: center; font-size: 2rem;\"><strong>N\u00e9zz k\u00f6r\u00fcl!<\/strong><\/p><\/div>\n<div class=\"vision-data\" data-layer-id=\"af725129\"><p style=\"text-align: center; font-size: 2rem;\"><strong>A bizony\u00edt\u00e9k<\/strong><\/p><\/div>\n<div class=\"vision-data\" data-layer-id=\"ab7f862a\"><p>Welcome<\/p><\/div>\n<div class=\"vision-data\" data-layer-id=\"766e4937\"><p style=\"text-align: center; font-size: 2rem;\"><strong>V\u00e1laszd ki a nyelvet!<\/strong><\/p><\/div>\n<\/div>\n<div class=\"vision-popovers-data\">\n<div class=\"vision-data\" data-layer-id=\"37d62047\"><\/div>\n<div class=\"vision-data\" data-layer-id=\"be11dcff\"><p><strong>Look Around<\/strong><\/p><\/div>\n<div class=\"vision-data\" data-layer-id=\"af725129\"><\/div>\n<div class=\"vision-data\" data-layer-id=\"ab7f862a\"><\/div>\n<div class=\"vision-data\" data-layer-id=\"766e4937\"><\/div>\n<\/div>\n<\/div>\n<\/div>\n<!-- vision end -->\n[\/et_pb_code][et_pb_text _builder_version=&#8221;4.25.2&#8243; _module_preset=&#8221;default&#8221; text_font=&#8221;|700|||||||&#8221; text_font_size=&#8221;40px&#8221; header_font=&#8221;Exo 2|800|||||||&#8221; header_text_align=&#8221;center&#8221; header_text_color=&#8221;#FFFFFF&#8221; header_font_size=&#8221;36px&#8221; width=&#8221;100%&#8221; max_width=&#8221;1920px&#8221; module_alignment=&#8221;center&#8221; custom_margin=&#8221;|10%||10%|false|true&#8221; header_font_size_tablet=&#8221;30px&#8221; header_font_size_phone=&#8221;20px&#8221; header_font_size_last_edited=&#8221;on|phone&#8221; header_text_shadow_style=&#8221;preset2&#8243; header_text_shadow_color=&#8221;rgba(0,0,0,0.5)&#8221; global_colors_info=&#8221;{}&#8221;]<\/p>\n<h1 style=\"text-align: center;\"><span style=\"color: #ffffff;\">Mi egy k\u00f6z\u00f6ss\u00e9gi m\u00e9dia\/\u00fczleti<\/span><br \/><span style=\"color: #ffffff;\">platform vagyunk, ahol biztons\u00e1gban lehet a csal\u00e1sok vil\u00e1g\u00e1t\u00f3l, a 3 l\u00e9p\u00e9ses ellen\u0151rz\u00e9si folyamat \u00e9s a be\u00e9p\u00edtett hazugs\u00e1gvizsg\u00e1l\u00f3 seg\u00edts\u00e9g\u00e9vel.<\/span><\/h1>\n<p>[\/et_pb_text][\/et_pb_column][\/et_pb_row][et_pb_row column_structure=&#8221;1_4,1_4,1_4,1_4&#8243; make_equal=&#8221;on&#8221; _builder_version=&#8221;4.27.4&#8243; _module_preset=&#8221;default&#8221; background_color=&#8221;#FFFFFF&#8221; width=&#8221;100%&#8221; max_width=&#8221;1920px&#8221; module_alignment=&#8221;center&#8221; custom_padding=&#8221;4px|||||&#8221; global_colors_info=&#8221;{}&#8221;][et_pb_column type=&#8221;1_4&#8243; _builder_version=&#8221;4.25.2&#8243; _module_preset=&#8221;default&#8221; global_colors_info=&#8221;{}&#8221;][dnxte_mega_image_effect dnxtiep_image=&#8221;https:\/\/hm.ez123.eu\/robbie\/wp-content\/uploads\/2025\/03\/racs.webp&#8221; dnxtiep_heading_tag=&#8221;h3&#8243; dnxtiep_description=&#8221;<\/p>\n<p style=%22text-align: center;%22>Jelenleg egy\u00fctt dolgozunk n\u00e9h\u00e1ny \u00fcgyn\u00f6ks\u00e9ggel, hogy megk\u00f6nny\u00edts\u00fck sz\u00e1mukra azoknak a felkutat\u00e1s\u00e1t, akik csal\u00e1st k\u00f6vetn\u00e9nek el ellen\u00fcnk.<\/p>\n<p>&#8221; dnxtiep_image_hover_effect=&#8221;hinge-right&#8221; dnxtiep_hover_bg_show_hide=&#8221;on&#8221; dnxtiep_hover_bg=&#8221;#FFFFFF&#8221; _builder_version=&#8221;4.27.4&#8243; _module_preset=&#8221;default&#8221; hover_text_fonts_font_size=&#8221;14px&#8221; dnxtiep_body_font=&#8221;Exo 2|700|||||||&#8221; dnxtiep_body_text_align=&#8221;center&#8221; dnxtiep_body_text_color=&#8221;#000000&#8243; dnxtiep_body_font_size=&#8221;30px&#8221; dnxtiep_body_line_height=&#8221;1.2em&#8221; width=&#8221;100%&#8221; module_alignment=&#8221;center&#8221; dnxtiep_body_font_size_tablet=&#8221;30px&#8221; dnxtiep_body_font_size_phone=&#8221;20px&#8221; dnxtiep_body_font_size_last_edited=&#8221;on|tablet&#8221; global_colors_info=&#8221;{}&#8221;][\/dnxte_mega_image_effect][\/et_pb_column][et_pb_column type=&#8221;1_4&#8243; _builder_version=&#8221;4.25.2&#8243; _module_preset=&#8221;default&#8221; global_colors_info=&#8221;{}&#8221;][dnxte_mega_image_effect dnxtiep_image=&#8221;https:\/\/hm.ez123.eu\/robbie\/wp-content\/uploads\/2025\/03\/zero-tolerance.webp&#8221; dnxtiep_heading_tag=&#8221;h4&#8243; dnxtiep_description=&#8221;<\/p>\n<p style=%22text-align: center;%22>Szeretn\u00e9nk figyelmeztetni, hogy nem toler\u00e1ljuk a durva, tiszteletlen, s\u00e9rt\u0151 vagy s\u00e9rt\u0151 viselked\u00e9st ebben a k\u00f6z\u00f6ss\u00e9gben, bele\u00e9rtve a meztelens\u00e9get is, b\u00e1rmilyen form\u00e1ban A SZAB\u00c1LYOK be nem tart\u00e1sa az \u00d6N FELSZABAD\u00cdT\u00c1S\u00c1T AZ \u00d6N FELSZ\u00c1LL\u00cdT\u00c1S\u00c1T \u00c9S AZ \u00dcZLETI RENDSZER\u00c9T MEGSZ\u0170NTETI, \u00c9S NEM LESZ LEHET VISSZAFIZET\u00c9S, \u00c9S HA T\u00c9NYLEG VISSZAT\u00c9RNI AKAR, AZ 1 MILLI\u00d3 USA-ba fog ker\u00fclni.<\/p>\n<p>&#8221; dnxtiep_image_hover_effect=&#8221;hinge-left&#8221; dnxtiep_hover_bg_show_hide=&#8221;on&#8221; dnxtiep_hover_bg=&#8221;#FFFFFF&#8221; _builder_version=&#8221;4.27.4&#8243; _module_preset=&#8221;default&#8221; hover_text_fonts_text_align=&#8221;center&#8221; hover_text_fonts_text_color=&#8221;#E02B20&#8243; dnxtiep_body_font=&#8221;Exo 2|700|||||||&#8221; dnxtiep_body_text_align=&#8221;center&#8221; dnxtiep_body_text_color=&#8221;#E02B20&#8243; dnxtiep_body_font_size=&#8221;20px&#8221; dnxtiep_body_line_height=&#8221;1em&#8221; width=&#8221;100%&#8221; module_alignment=&#8221;center&#8221; dnxtiep_body_font_size_tablet=&#8221;24px&#8221; dnxtiep_body_font_size_phone=&#8221;16px&#8221; dnxtiep_body_font_size_last_edited=&#8221;on|phone&#8221; global_colors_info=&#8221;{}&#8221;][\/dnxte_mega_image_effect][\/et_pb_column][et_pb_column type=&#8221;1_4&#8243; _builder_version=&#8221;4.25.2&#8243; _module_preset=&#8221;default&#8221; global_colors_info=&#8221;{}&#8221;][dnxte_mega_image_effect dnxtiep_image=&#8221;https:\/\/hm.ez123.eu\/robbie\/wp-content\/uploads\/2025\/03\/zero-fraud.webp&#8221; dnxtiep_description=&#8221;<\/p>\n<p style=%22text-align: center;%22>A TRADES PEOPLE alacsony \u00e9ves d\u00edjat fizet, \u00e9s az els\u0151 3 h\u00f3nap teljesen ingyenes. Nincs k\u00f6t\u00f6tts\u00e9g. NINCSENEK tr\u00fckk\u00f6k. Nem k\u00e9r\u00fcnk semmilyen hitelk\u00e1rtya adatot, mert nem kell becsapni az \u00fcgyfeleinket, hogy t\u0151l\u00fcnk v\u00e1s\u00e1roljanak, \u00e9s egyetlen \u00e9rt\u00e9kes\u00edt\u0151 sem fog telefon\u00e1lni.<\/p>\n<p>&#8221; dnxtiep_image_hover_effect=&#8221;hinge-left&#8221; dnxtiep_hover_bg_show_hide=&#8221;on&#8221; dnxtiep_hover_bg=&#8221;#FFFFFF&#8221; _builder_version=&#8221;4.27.4&#8243; _module_preset=&#8221;default&#8221; dnxtiep_body_font=&#8221;Exo 2|700|||||||&#8221; dnxtiep_body_text_align=&#8221;center&#8221; dnxtiep_body_text_color=&#8221;#E02B20&#8243; dnxtiep_body_font_size=&#8221;20px&#8221; dnxtiep_body_line_height=&#8221;1em&#8221; width=&#8221;100%&#8221; module_alignment=&#8221;center&#8221; dnxtiep_body_font_size_tablet=&#8221;24px&#8221; dnxtiep_body_font_size_phone=&#8221;16px&#8221; dnxtiep_body_font_size_last_edited=&#8221;on|phone&#8221; global_colors_info=&#8221;{}&#8221;][\/dnxte_mega_image_effect][\/et_pb_column][et_pb_column type=&#8221;1_4&#8243; _builder_version=&#8221;4.25.2&#8243; _module_preset=&#8221;default&#8221; global_colors_info=&#8221;{}&#8221;][dnxte_mega_image_effect dnxtiep_image=&#8221;https:\/\/hm.ez123.eu\/robbie\/wp-content\/uploads\/2025\/03\/phone.webp&#8221; dnxtiep_description=&#8221;<\/p>\n<p style=%22text-align: center;%22><strong><span style=%22color: #339966;%22><a href=%22tel:+1234567890%22 class=%22flex flex-col justify-center items-center%22 title=%22WE ALSO DO NOT HIDE FROM OUR CUSTOMERS BY MAKING IT DIFFICULT OR, IMPOSSIBLE TO REACH US. CLICK ON THE GREEN BUTTON TO CALL US ANY TIME%22 style=%22color: #339966;%22>MI NEM REJT\u0150Z\u00dcNK EL \u00dcGYFELEINK EL\u0150L AZZAL, HOGY MEGNEHEZ\u00cdTJ\u00dcK VAGY LEHETETLENN\u00c9 TESSZ\u00dcK AZ EL\u00c9R\u00c9S\u00dcNKET. A Z\u00d6LD GOMBRA KATTINTVA B\u00c1RMIKOR FELH\u00cdVHAT MINKET.<\/a><\/span><\/strong><\/p>\n<p>&#8221; dnxtiep_image_hover_effect=&#8221;hinge-left&#8221; dnxtiep_hover_bg_show_hide=&#8221;on&#8221; dnxtiep_hover_bg=&#8221;#FFFFFF&#8221; _builder_version=&#8221;4.27.4&#8243; _module_preset=&#8221;default&#8221; hover_text_fonts_text_align=&#8221;center&#8221; hover_text_fonts_font_size=&#8221;36px&#8221; hover_text_fonts_line_height=&#8221;1.4em&#8221; dnxtiep_body_font=&#8221;Exo 2|700|||||||&#8221; dnxtiep_body_text_align=&#8221;center&#8221; dnxtiep_body_text_color=&#8221;#E02B20&#8243; dnxtiep_body_font_size=&#8221;20px&#8221; dnxtiep_body_line_height=&#8221;1em&#8221; width=&#8221;100%&#8221; module_alignment=&#8221;center&#8221; dnxtiep_body_font_size_tablet=&#8221;24px&#8221; dnxtiep_body_font_size_phone=&#8221;16px&#8221; dnxtiep_body_font_size_last_edited=&#8221;on|phone&#8221; global_colors_info=&#8221;{}&#8221;][\/dnxte_mega_image_effect][\/et_pb_column][\/et_pb_row][\/et_pb_section]<\/p>\n","protected":false},"excerpt":{"rendered":"<p>\u00c9n vagyok az \u00e9l\u0151 bizony\u00edt\u00e9k: ha szervezett vagy \u00e9saz \u00e9n rendszeremet haszn\u00e1lod, szinte b\u00e1rmit el\u00e9rhetsz!Kattints r\u00e1m, hogy l\u00e1sd a bizony\u00edt\u00e9kot!<!-- vision begin -->\n<div class=\"vision-map vision-map-7\"data-json-src=\"https:\/\/hm.ez123.eu\/robbie\/wp-content\/uploads\/vision\/7\/config.json?ver=\" data-item-id=\"7\" tabindex=\"1\" style=\"display:none;\" >\n<div class=\"vision-store\">\n<div class=\"vision-layers-data\">\n<div class=\"vision-layer\" data-layer-id=\"37d62047\"><\/div>\n<div class=\"vision-layer\" data-layer-id=\"be11dcff\"><\/div>\n<div class=\"vision-layer\" data-layer-id=\"af725129\"><\/div>\n<div class=\"vision-layer\" data-layer-id=\"ab7f862a\"><\/div>\n<div class=\"vision-layer\" data-layer-id=\"766e4937\"><\/div>\n<\/div>\n<div class=\"vision-tooltips-data\">\n<div class=\"vision-data\" data-layer-id=\"37d62047\"><p style=\"text-align: center; font-size: 2rem;\"><strong>Ingyenes \u00fczleti regisztr\u00e1ci\u00f3<\/strong><\/p><\/div>\n<div class=\"vision-data\" data-layer-id=\"be11dcff\"><p style=\"text-align: center; font-size: 2rem;\"><strong>N\u00e9zz k\u00f6r\u00fcl!<\/strong><\/p><\/div>\n<div class=\"vision-data\" data-layer-id=\"af725129\"><p style=\"text-align: center; font-size: 2rem;\"><strong>A bizony\u00edt\u00e9k<\/strong><\/p><\/div>\n<div class=\"vision-data\" data-layer-id=\"ab7f862a\"><p>Welcome<\/p><\/div>\n<div class=\"vision-data\" data-layer-id=\"766e4937\"><p style=\"text-align: center; font-size: 2rem;\"><strong>V\u00e1laszd ki a nyelvet!<\/strong><\/p><\/div>\n<\/div>\n<div class=\"vision-popovers-data\">\n<div class=\"vision-data\" data-layer-id=\"37d62047\"><\/div>\n<div class=\"vision-data\" data-layer-id=\"be11dcff\"><p><strong>Look Around<\/strong><\/p><\/div>\n<div class=\"vision-data\" data-layer-id=\"af725129\"><\/div>\n<div class=\"vision-data\" data-layer-id=\"ab7f862a\"><\/div>\n<div class=\"vision-data\" data-layer-id=\"766e4937\"><\/div>\n<\/div>\n<\/div>\n<\/div>\n<!-- vision end -->\nMi egy k\u00f6z\u00f6ss\u00e9gi m\u00e9dia\/\u00fczletiplatform vagyunk, ahol biztons\u00e1gban lehet a csal\u00e1sok vil\u00e1g\u00e1t\u00f3l, a 3 l\u00e9p\u00e9ses ellen\u0151rz\u00e9si folyamat \u00e9s a be\u00e9p\u00edtett hazugs\u00e1gvizsg\u00e1l\u00f3 seg\u00edts\u00e9g\u00e9vel.<div class=\"et_pb_module dnxte_mega_image_effect dnxte_mega_image_effect_0\">\n\t\t\t\t\n\t\t\t\t\n\t\t\t\t\n\t\t\t\t\n\t\t\t\t\n\t\t\t\t\n\t\t\t\t<div class=\"et_pb_module_inner\">\n\t\t\t\t\t<figure class=\"imghvr-push-up dnxtiep-imghvr-wrapper\">\r\n\t\t\t\t<img decoding=\"async\" src=\"\" alt=\"\" title=\"\" class=\"et_multi_view_hidden_image  img-fluid\" \/>\r\n\t\t\t\t<figcaption class=\"  dnxtiep-imghvr-content\">\r\n\t\t\t\t\t\r\n\t\t\t\t\t<div class=\"dnxtiep-description\">&#8221;Jelenleg<\/div>\r\n\t\t\t\t\t\r\n\t\t\t\t<\/figcaption>\r\n\t\t\t<\/figure>\n\t\t\t\t<\/div>\n\t\t\t<\/div><\/p>\n","protected":false},"author":3,"featured_media":0,"parent":0,"menu_order":0,"comment_status":"closed","ping_status":"closed","template":"page-template-blank.php","meta":{"_et_pb_use_builder":"on","_et_pb_old_content":"","_et_gb_content_width":"","footnotes":""},"class_list":["post-335646","page","type-page","status-publish","hentry"],"_links":{"self":[{"href":"https:\/\/hm.ez123.eu\/robbie\/wp-json\/wp\/v2\/pages\/335646","targetHints":{"allow":["GET"]}}],"collection":[{"href":"https:\/\/hm.ez123.eu\/robbie\/wp-json\/wp\/v2\/pages"}],"about":[{"href":"https:\/\/hm.ez123.eu\/robbie\/wp-json\/wp\/v2\/types\/page"}],"author":[{"embeddable":true,"href":"https:\/\/hm.ez123.eu\/robbie\/wp-json\/wp\/v2\/users\/3"}],"replies":[{"embeddable":true,"href":"https:\/\/hm.ez123.eu\/robbie\/wp-json\/wp\/v2\/comments?post=335646"}],"version-history":[{"count":15,"href":"https:\/\/hm.ez123.eu\/robbie\/wp-json\/wp\/v2\/pages\/335646\/revisions"}],"predecessor-version":[{"id":987584186,"href":"https:\/\/hm.ez123.eu\/robbie\/wp-json\/wp\/v2\/pages\/335646\/revisions\/987584186"}],"wp:attachment":[{"href":"https:\/\/hm.ez123.eu\/robbie\/wp-json\/wp\/v2\/media?parent=335646"}],"curies":[{"name":"wp","href":"https:\/\/api.w.org\/{rel}","templated":true}]}}